{"id":2712,"date":"2021-07-08T11:34:34","date_gmt":"2021-07-08T09:34:34","guid":{"rendered":"https:\/\/fuerstenhaus.li\/?page_id=2712"},"modified":"2021-09-06T09:03:15","modified_gmt":"2021-09-06T07:03:15","slug":"knizeci-rodovy-zakon","status":"publish","type":"page","link":"https:\/\/fuerstenhaus.li\/cs\/knizeci-rod\/knizeci-rodovy-zakon\/","title":{"rendered":"Kn\u00ed\u017eec\u00ed rodov\u00fd z\u00e1kon"},"content":{"rendered":"","protected":false},"excerpt":{"rendered":"","protected":false},"author":1,"featured_media":0,"parent":2662,"menu_order":0,"comment_status":"closed","ping_status":"closed","template":"Hausgesetz.php","meta":{"_acf_changed":false,"footnotes":""},"class_list":["post-2712","page","type-page","status-publish","hentry"],"acf":[],"_links":{"self":[{"href":"https:\/\/fuerstenhaus.li\/cs\/wp-json\/wp\/v2\/pages\/2712","targetHints":{"allow":["GET"]}}],"collection":[{"href":"https:\/\/fuerstenhaus.li\/cs\/wp-json\/wp\/v2\/pages"}],"about":[{"href":"https:\/\/fuerstenhaus.li\/cs\/wp-json\/wp\/v2\/types\/page"}],"author":[{"embeddable":true,"href":"https:\/\/fuerstenhaus.li\/cs\/wp-json\/wp\/v2\/users\/1"}],"replies":[{"embeddable":true,"href":"https:\/\/fuerstenhaus.li\/cs\/wp-json\/wp\/v2\/comments?post=2712"}],"version-history":[{"count":6,"href":"https:\/\/fuerstenhaus.li\/cs\/wp-json\/wp\/v2\/pages\/2712\/revisions"}],"predecessor-version":[{"id":3405,"href":"https:\/\/fuerstenhaus.li\/cs\/wp-json\/wp\/v2\/pages\/2712\/revisions\/3405"}],"up":[{"embeddable":true,"href":"https:\/\/fuerstenhaus.li\/cs\/wp-json\/wp\/v2\/pages\/2662"}],"wp:attachment":[{"href":"https:\/\/fuerstenhaus.li\/cs\/wp-json\/wp\/v2\/media?parent=2712"}],"curies":[{"name":"wp","href":"https:\/\/api.w.org\/{rel}","templated":true}]}}