{"id":2725,"date":"2021-07-08T12:03:11","date_gmt":"2021-07-08T10:03:11","guid":{"rendered":"https:\/\/fuerstenhaus.li\/?page_id=2725"},"modified":"2022-01-27T12:31:52","modified_gmt":"2022-01-27T11:31:52","slug":"zivotopisy-vsech-knizat","status":"publish","type":"page","link":"https:\/\/fuerstenhaus.li\/cs\/knizeci-rod\/zivotopisy-vsech-knizat\/","title":{"rendered":"\u017divotopisy v\u0161ech kn\u00ed\u017eat"},"content":{"rendered":"","protected":false},"excerpt":{"rendered":"","protected":false},"author":1,"featured_media":0,"parent":2662,"menu_order":0,"comment_status":"closed","ping_status":"closed","template":"Die-Biografie.php","meta":{"_acf_changed":false,"footnotes":""},"class_list":["post-2725","page","type-page","status-publish","hentry"],"acf":[],"_links":{"self":[{"href":"https:\/\/fuerstenhaus.li\/cs\/wp-json\/wp\/v2\/pages\/2725","targetHints":{"allow":["GET"]}}],"collection":[{"href":"https:\/\/fuerstenhaus.li\/cs\/wp-json\/wp\/v2\/pages"}],"about":[{"href":"https:\/\/fuerstenhaus.li\/cs\/wp-json\/wp\/v2\/types\/page"}],"author":[{"embeddable":true,"href":"https:\/\/fuerstenhaus.li\/cs\/wp-json\/wp\/v2\/users\/1"}],"replies":[{"embeddable":true,"href":"https:\/\/fuerstenhaus.li\/cs\/wp-json\/wp\/v2\/comments?post=2725"}],"version-history":[{"count":8,"href":"https:\/\/fuerstenhaus.li\/cs\/wp-json\/wp\/v2\/pages\/2725\/revisions"}],"predecessor-version":[{"id":3797,"href":"https:\/\/fuerstenhaus.li\/cs\/wp-json\/wp\/v2\/pages\/2725\/revisions\/3797"}],"up":[{"embeddable":true,"href":"https:\/\/fuerstenhaus.li\/cs\/wp-json\/wp\/v2\/pages\/2662"}],"wp:attachment":[{"href":"https:\/\/fuerstenhaus.li\/cs\/wp-json\/wp\/v2\/media?parent=2725"}],"curies":[{"name":"wp","href":"https:\/\/api.w.org\/{rel}","templated":true}]}}