{"id":2762,"date":"2021-07-08T15:38:08","date_gmt":"2021-07-08T13:38:08","guid":{"rendered":"https:\/\/fuerstenhaus.li\/?page_id=2762"},"modified":"2022-02-22T15:26:57","modified_gmt":"2022-02-22T14:26:57","slug":"knezny-ve-20-stoleti","status":"publish","type":"page","link":"https:\/\/fuerstenhaus.li\/cs\/knizeci-rod\/knezny-ve-20-stoleti\/","title":{"rendered":"Kn\u011b\u017eny ve 20. a 21. stolet\u00ed"},"content":{"rendered":"","protected":false},"excerpt":{"rendered":"","protected":false},"author":1,"featured_media":0,"parent":2662,"menu_order":0,"comment_status":"closed","ping_status":"closed","template":"values-lived.php","meta":{"_acf_changed":false,"footnotes":""},"class_list":["post-2762","page","type-page","status-publish","hentry"],"acf":[],"_links":{"self":[{"href":"https:\/\/fuerstenhaus.li\/cs\/wp-json\/wp\/v2\/pages\/2762","targetHints":{"allow":["GET"]}}],"collection":[{"href":"https:\/\/fuerstenhaus.li\/cs\/wp-json\/wp\/v2\/pages"}],"about":[{"href":"https:\/\/fuerstenhaus.li\/cs\/wp-json\/wp\/v2\/types\/page"}],"author":[{"embeddable":true,"href":"https:\/\/fuerstenhaus.li\/cs\/wp-json\/wp\/v2\/users\/1"}],"replies":[{"embeddable":true,"href":"https:\/\/fuerstenhaus.li\/cs\/wp-json\/wp\/v2\/comments?post=2762"}],"version-history":[{"count":4,"href":"https:\/\/fuerstenhaus.li\/cs\/wp-json\/wp\/v2\/pages\/2762\/revisions"}],"predecessor-version":[{"id":3844,"href":"https:\/\/fuerstenhaus.li\/cs\/wp-json\/wp\/v2\/pages\/2762\/revisions\/3844"}],"up":[{"embeddable":true,"href":"https:\/\/fuerstenhaus.li\/cs\/wp-json\/wp\/v2\/pages\/2662"}],"wp:attachment":[{"href":"https:\/\/fuerstenhaus.li\/cs\/wp-json\/wp\/v2\/media?parent=2762"}],"curies":[{"name":"wp","href":"https:\/\/api.w.org\/{rel}","templated":true}]}}