{"id":2790,"date":"2021-07-09T08:34:24","date_gmt":"2021-07-09T06:34:24","guid":{"rendered":"https:\/\/fuerstenhaus.li\/?page_id=2790"},"modified":"2022-10-07T17:25:29","modified_gmt":"2022-10-07T15:25:29","slug":"knizeci-rod-v-roli-podnikatele","status":"publish","type":"page","link":"https:\/\/fuerstenhaus.li\/cs\/aktivity\/knizeci-rod-v-roli-podnikatele\/","title":{"rendered":"Kn\u00ed\u017eec\u00ed rod v roli podnikatele"},"content":{"rendered":"","protected":false},"excerpt":{"rendered":"","protected":false},"author":1,"featured_media":0,"parent":2767,"menu_order":0,"comment_status":"closed","ping_status":"closed","template":"das-f\u00fcrstenhaus-als-unternehmer.php","meta":{"_acf_changed":false,"footnotes":""},"class_list":["post-2790","page","type-page","status-publish","hentry"],"acf":[],"_links":{"self":[{"href":"https:\/\/fuerstenhaus.li\/cs\/wp-json\/wp\/v2\/pages\/2790","targetHints":{"allow":["GET"]}}],"collection":[{"href":"https:\/\/fuerstenhaus.li\/cs\/wp-json\/wp\/v2\/pages"}],"about":[{"href":"https:\/\/fuerstenhaus.li\/cs\/wp-json\/wp\/v2\/types\/page"}],"author":[{"embeddable":true,"href":"https:\/\/fuerstenhaus.li\/cs\/wp-json\/wp\/v2\/users\/1"}],"replies":[{"embeddable":true,"href":"https:\/\/fuerstenhaus.li\/cs\/wp-json\/wp\/v2\/comments?post=2790"}],"version-history":[{"count":10,"href":"https:\/\/fuerstenhaus.li\/cs\/wp-json\/wp\/v2\/pages\/2790\/revisions"}],"predecessor-version":[{"id":4523,"href":"https:\/\/fuerstenhaus.li\/cs\/wp-json\/wp\/v2\/pages\/2790\/revisions\/4523"}],"up":[{"embeddable":true,"href":"https:\/\/fuerstenhaus.li\/cs\/wp-json\/wp\/v2\/pages\/2767"}],"wp:attachment":[{"href":"https:\/\/fuerstenhaus.li\/cs\/wp-json\/wp\/v2\/media?parent=2790"}],"curies":[{"name":"wp","href":"https:\/\/api.w.org\/{rel}","templated":true}]}}