{"id":3135,"date":"2021-04-20T19:33:13","date_gmt":"2021-04-20T17:33:13","guid":{"rendered":"https:\/\/fuerstenhaus.li\/datenschutzhinweis\/"},"modified":"2023-04-03T07:46:47","modified_gmt":"2023-04-03T05:46:47","slug":"oznameni-o-ochrane-udaju","status":"publish","type":"page","link":"https:\/\/fuerstenhaus.li\/cs\/oznameni-o-ochrane-udaju\/","title":{"rendered":"Ozn\u00e1men\u00ed o ochran\u011b \u00fadaj\u016f"},"content":{"rendered":"","protected":false},"excerpt":{"rendered":"","protected":false},"author":1,"featured_media":0,"parent":0,"menu_order":0,"comment_status":"closed","ping_status":"closed","template":"legal.php","meta":{"_acf_changed":false,"footnotes":""},"class_list":["post-3135","page","type-page","status-publish","hentry"],"acf":[],"_links":{"self":[{"href":"https:\/\/fuerstenhaus.li\/cs\/wp-json\/wp\/v2\/pages\/3135","targetHints":{"allow":["GET"]}}],"collection":[{"href":"https:\/\/fuerstenhaus.li\/cs\/wp-json\/wp\/v2\/pages"}],"about":[{"href":"https:\/\/fuerstenhaus.li\/cs\/wp-json\/wp\/v2\/types\/page"}],"author":[{"embeddable":true,"href":"https:\/\/fuerstenhaus.li\/cs\/wp-json\/wp\/v2\/users\/1"}],"replies":[{"embeddable":true,"href":"https:\/\/fuerstenhaus.li\/cs\/wp-json\/wp\/v2\/comments?post=3135"}],"version-history":[{"count":5,"href":"https:\/\/fuerstenhaus.li\/cs\/wp-json\/wp\/v2\/pages\/3135\/revisions"}],"predecessor-version":[{"id":5594,"href":"https:\/\/fuerstenhaus.li\/cs\/wp-json\/wp\/v2\/pages\/3135\/revisions\/5594"}],"wp:attachment":[{"href":"https:\/\/fuerstenhaus.li\/cs\/wp-json\/wp\/v2\/media?parent=3135"}],"curies":[{"name":"wp","href":"https:\/\/api.w.org\/{rel}","templated":true}]}}